{"id":13,"date":"2024-10-30T14:43:59","date_gmt":"2024-10-30T14:43:59","guid":{"rendered":"https:\/\/primax.pl\/?page_id=13"},"modified":"2025-04-30T21:44:10","modified_gmt":"2025-04-30T21:44:10","slug":"primax","status":"publish","type":"page","link":"https:\/\/primax.pl\/","title":{"rendered":"Strona G\u0142\u00f3wna"},"content":{"rendered":"\t\t<div data-elementor-type=\"wp-post\" data-elementor-id=\"13\" class=\"elementor elementor-13\">\n\t\t\t\t<div class=\"elementor-element elementor-element-3da18e0 e-flex e-con-boxed e-con e-parent\" data-id=\"3da18e0\" data-element_type=\"container\">\n\t\t\t\t\t<div class=\"e-con-inner\">\n\t\t\t\t<div class=\"elementor-element elementor-element-8ee207e elementor-widget elementor-widget-spacer\" data-id=\"8ee207e\" data-element_type=\"widget\" data-widget_type=\"spacer.default\">\n\t\t\t\t<div class=\"elementor-widget-container\">\n\t\t\t\t\t\t\t<div class=\"elementor-spacer\">\n\t\t\t<div class=\"elementor-spacer-inner\"><\/div>\n\t\t<\/div>\n\t\t\t\t\t\t<\/div>\n\t\t\t\t<\/div>\n\t\t\t\t<div class=\"elementor-element elementor-element-3ef29fc elementor-widget elementor-widget-heading\" data-id=\"3ef29fc\" data-element_type=\"widget\" data-widget_type=\"heading.default\">\n\t\t\t\t<div class=\"elementor-widget-container\">\n\t\t\t\t\t<h1 class=\"elementor-heading-title elementor-size-default\">Primax - ciasteczka, kt\u00f3re polubisz<\/h1>\t\t\t\t<\/div>\n\t\t\t\t<\/div>\n\t\t\t\t\t<\/div>\n\t\t\t\t<\/div>\n\t\t<div class=\"elementor-element elementor-element-7abbd31 e-flex e-con-boxed e-con e-parent\" data-id=\"7abbd31\" data-element_type=\"container\">\n\t\t\t\t\t<div class=\"e-con-inner\">\n\t\t\t\t<div class=\"elementor-element elementor-element-cd85bb0 elementor-widget elementor-widget-heading\" data-id=\"cd85bb0\" data-element_type=\"widget\" data-widget_type=\"heading.default\">\n\t\t\t\t<div class=\"elementor-widget-container\">\n\t\t\t\t\t<h2 class=\"elementor-heading-title elementor-size-default\">Niepowtarzalny smak, najwy\u017csza jako\u015b\u0107 produkt\u00f3w<\/h2>\t\t\t\t<\/div>\n\t\t\t\t<\/div>\n\t\t\t\t\t<\/div>\n\t\t\t\t<\/div>\n\t\t<div class=\"elementor-element elementor-element-7ff457f e-flex e-con-boxed e-con e-parent\" data-id=\"7ff457f\" data-element_type=\"container\">\n\t\t\t\t\t<div class=\"e-con-inner\">\n\t\t\t\t<div class=\"elementor-element elementor-element-2ad1680 elementor-invisible elementor-widget elementor-widget-image\" data-id=\"2ad1680\" data-element_type=\"widget\" data-settings=\"{&quot;_animation&quot;:&quot;fadeInUp&quot;}\" data-widget_type=\"image.default\">\n\t\t\t\t<div class=\"elementor-widget-container\">\n\t\t\t\t\t\t\t\t\t\t\t\t\t\t\t<img fetchpriority=\"high\" decoding=\"async\" width=\"1024\" height=\"427\" src=\"https:\/\/primax.pl\/wp-content\/uploads\/2024\/10\/Home-Page-Cookies-1024x427.png\" class=\"attachment-large size-large wp-image-48\" alt=\"\" srcset=\"https:\/\/primax.pl\/wp-content\/uploads\/2024\/10\/Home-Page-Cookies-1024x427.png 1024w, https:\/\/primax.pl\/wp-content\/uploads\/2024\/10\/Home-Page-Cookies-300x125.png 300w, https:\/\/primax.pl\/wp-content\/uploads\/2024\/10\/Home-Page-Cookies-768x320.png 768w, https:\/\/primax.pl\/wp-content\/uploads\/2024\/10\/Home-Page-Cookies-1536x640.png 1536w, https:\/\/primax.pl\/wp-content\/uploads\/2024\/10\/Home-Page-Cookies.png 1920w\" sizes=\"(max-width: 1024px) 100vw, 1024px\" \/>\t\t\t\t\t\t\t\t\t\t\t\t\t\t\t<\/div>\n\t\t\t\t<\/div>\n\t\t\t\t\t<\/div>\n\t\t\t\t<\/div>\n\t\t<div class=\"elementor-element elementor-element-0c7e1f5 e-flex e-con-boxed e-con e-parent\" data-id=\"0c7e1f5\" data-element_type=\"container\">\n\t\t\t\t\t<div class=\"e-con-inner\">\n\t\t\t\t<div class=\"elementor-element elementor-element-bd49255 elementor-widget-divider--view-line elementor-widget elementor-widget-divider\" data-id=\"bd49255\" data-element_type=\"widget\" data-widget_type=\"divider.default\">\n\t\t\t\t<div class=\"elementor-widget-container\">\n\t\t\t\t\t\t\t<div class=\"elementor-divider\">\n\t\t\t<span class=\"elementor-divider-separator\">\n\t\t\t\t\t\t<\/span>\n\t\t<\/div>\n\t\t\t\t\t\t<\/div>\n\t\t\t\t<\/div>\n\t\t\t\t\t<\/div>\n\t\t\t\t<\/div>\n\t\t<div class=\"elementor-element elementor-element-8ee4f01 e-con-full e-flex e-con e-parent\" data-id=\"8ee4f01\" data-element_type=\"container\">\n\t\t\t\t<div class=\"elementor-element elementor-element-cdc6bcc elementor-widget elementor-widget-spacer\" data-id=\"cdc6bcc\" data-element_type=\"widget\" data-widget_type=\"spacer.default\">\n\t\t\t\t<div class=\"elementor-widget-container\">\n\t\t\t\t\t\t\t<div class=\"elementor-spacer\">\n\t\t\t<div class=\"elementor-spacer-inner\"><\/div>\n\t\t<\/div>\n\t\t\t\t\t\t<\/div>\n\t\t\t\t<\/div>\n\t\t\t\t<div class=\"elementor-element elementor-element-ccbae11 elementor-widget elementor-widget-heading\" data-id=\"ccbae11\" data-element_type=\"widget\" data-widget_type=\"heading.default\">\n\t\t\t\t<div class=\"elementor-widget-container\">\n\t\t\t\t\t<h2 class=\"elementor-heading-title elementor-size-default\">historia i rozw\u00f3j<\/h2>\t\t\t\t<\/div>\n\t\t\t\t<\/div>\n\t\t\t\t<\/div>\n\t\t<div class=\"elementor-element elementor-element-c8d4959 e-con-full e-flex e-con e-parent\" data-id=\"c8d4959\" data-element_type=\"container\" data-settings=\"{&quot;background_background&quot;:&quot;classic&quot;}\">\n\t\t<div class=\"elementor-element elementor-element-5d4cda7 e-con-full e-flex elementor-invisible e-con e-child\" data-id=\"5d4cda7\" data-element_type=\"container\" data-settings=\"{&quot;background_background&quot;:&quot;classic&quot;,&quot;animation&quot;:&quot;fadeInUp&quot;}\">\n\t\t\t\t<div class=\"elementor-element elementor-element-670550f elementor-invisible elementor-widget elementor-widget-image\" data-id=\"670550f\" data-element_type=\"widget\" data-settings=\"{&quot;_animation&quot;:&quot;fadeInLeft&quot;}\" data-widget_type=\"image.default\">\n\t\t\t\t<div class=\"elementor-widget-container\">\n\t\t\t\t\t\t\t\t\t\t\t\t\t\t\t<img decoding=\"async\" width=\"283\" height=\"300\" src=\"https:\/\/primax.pl\/wp-content\/uploads\/2024\/10\/958884076-283x300.jpg\" class=\"attachment-medium size-medium wp-image-59\" alt=\"\" srcset=\"https:\/\/primax.pl\/wp-content\/uploads\/2024\/10\/958884076-283x300.jpg 283w, https:\/\/primax.pl\/wp-content\/uploads\/2024\/10\/958884076-965x1024.jpg 965w, https:\/\/primax.pl\/wp-content\/uploads\/2024\/10\/958884076-768x815.jpg 768w, https:\/\/primax.pl\/wp-content\/uploads\/2024\/10\/958884076-1447x1536.jpg 1447w, https:\/\/primax.pl\/wp-content\/uploads\/2024\/10\/958884076.jpg 1920w\" sizes=\"(max-width: 283px) 100vw, 283px\" \/>\t\t\t\t\t\t\t\t\t\t\t\t\t\t\t<\/div>\n\t\t\t\t<\/div>\n\t\t<div class=\"elementor-element elementor-element-08270dc e-con-full e-flex e-con e-child\" data-id=\"08270dc\" data-element_type=\"container\">\n\t\t\t\t<div class=\"elementor-element elementor-element-14732ee elementor-widget__width-inherit elementor-invisible elementor-widget elementor-widget-text-editor\" data-id=\"14732ee\" data-element_type=\"widget\" data-settings=\"{&quot;_animation&quot;:&quot;fadeInLeft&quot;}\" data-widget_type=\"text-editor.default\">\n\t\t\t\t<div class=\"elementor-widget-container\">\n\t\t\t\t\t\t\t\t\t<div class=\"html-div xdj266r x11i5rnm xat24cr x1mh8g0r xexx8yu xkhd6sd x1eb86dx x78zum5 x1c4vz4f x2lah0s x18061mc x55ruut\"><div class=\"html-div xdj266r x11i5rnm xat24cr x1mh8g0r xexx8yu x4uap5 x18d9i69 xkhd6sd x78zum5 xpvyfi4\"><div class=\"html-div xdj266r x11i5rnm xat24cr x1mh8g0r xexx8yu x18d9i69 x1h91t0o xkh2ocl x78zum5 xdt5ytf x13a6bvl x193iq5w x1c4vz4f x1eb86dx x1sxyh0 x1nvil2r\" role=\"presentation\"><div class=\"xgd8bvy\"><div class=\"xuk3077 x78zum5 x2lah0s x1fgtraw x193iq5w xgd8bvy\" aria-hidden=\"true\">\u00a0<\/div><\/div><\/div><\/div><\/div><div class=\"html-div xdj266r x11i5rnm xat24cr x1mh8g0r xexx8yu x4uap5 x18d9i69 xkhd6sd xeuugli x1vjfegm\"><div class=\"html-div xdj266r x11i5rnm xat24cr x1mh8g0r xexx8yu x4uap5 x18d9i69 xkhd6sd x78zum5 xh8yej3\" role=\"presentation\"><div class=\"x1cy8zhl x78zum5 xdt5ytf x193iq5w x1n2onr6 x1kxipp6\"><div class=\"x78zum5 xh8yej3\" role=\"none\"><div class=\"html-div xdj266r x11i5rnm xat24cr x1mh8g0r xexx8yu x4uap5 x18d9i69 xkhd6sd x6ikm8r x10wlt62\"><div class=\"html-div xdj266r x11i5rnm xat24cr x1mh8g0r x14ctfv x1okitfd x6ikm8r x10wlt62 xerhiuh x1pn3fxy x12xxe5f x1szedp3 x1n2onr6 x1vjfegm x1k4qllp x1mzt3pk x13faqbe x1xr0vuk x1jm4cbz x1lmq8lz xrrpcnn x1xtl47e x13fuv20 xu3j5b3 x1q0q8m5 x26u7qi x19livfd x2t687o x3p3xfz x5od304 xp5s12f x11ucwad xgtuqic x155c047\" role=\"presentation\"><div class=\"html-div xexx8yu x4uap5 x18d9i69 xkhd6sd x1gslohp x11i5rnm x12nagc x1mh8g0r x1yc453h x126k92a x18lvrbx\" dir=\"auto\">Zajmujemy si\u0119 produkcj\u0105 i bezpo\u015bredni\u0105 sprzeda\u017c\u0105 ciastek kruchych, rurek waflowych oraz piernik\u00f3w z nadzieniem. Tworzymy unikalne smaki dzi\u0119ki nowoczesnym technologiom, wykorzystaniu najwy\u017cszej jako\u015bci surowc\u00f3w oraz w\u0142asnym, udoskonalonym recepturom. Polewy u\u017cywane do naszych wyrob\u00f3w powstaj\u0105 w naszym zak\u0142adzie, co gwarantuje ich pe\u0142ny aromat i wyj\u0105tkowo\u015b\u0107. Na rynku istniejemy od 1994r. Naszym priorytetem s\u0105 zadowoleni Klienci, dlatego od pocz\u0105tku dzia\u0142alno\u015bci firmy stawiamy na najwy\u017csz\u0105 jako\u015b\u0107 naszych wyrob\u00f3w. Wychodzimy naprzeciw oczekiwaniom najbardziej wymagaj\u0105cych konsument\u00f3w stale rozszerzaj\u0105c asortyment. Dzi\u0119ki temu stale poszerzamy grono naszych odbior\u00f3w, a nawi\u0105zane wsp\u00f3\u0142prace trwaj\u0105 latami. Zach\u0119camy do zapoznania si\u0119 z nasz\u0105 ofert\u0105 oraz do do\u0142\u0105czenia do grona zadowolonych Klient\u00f3w.<\/div><\/div><\/div><\/div><\/div><\/div><\/div>\t\t\t\t\t\t\t\t<\/div>\n\t\t\t\t<\/div>\n\t\t\t\t<\/div>\n\t\t\t\t<\/div>\n\t\t\t\t<div class=\"elementor-element elementor-element-9f2d9f3 elementor-widget elementor-widget-spacer\" data-id=\"9f2d9f3\" data-element_type=\"widget\" data-widget_type=\"spacer.default\">\n\t\t\t\t<div class=\"elementor-widget-container\">\n\t\t\t\t\t\t\t<div class=\"elementor-spacer\">\n\t\t\t<div class=\"elementor-spacer-inner\"><\/div>\n\t\t<\/div>\n\t\t\t\t\t\t<\/div>\n\t\t\t\t<\/div>\n\t\t\t\t<div class=\"elementor-element elementor-element-fd445d0 elementor-widget elementor-widget-heading\" data-id=\"fd445d0\" data-element_type=\"widget\" data-widget_type=\"heading.default\">\n\t\t\t\t<div class=\"elementor-widget-container\">\n\t\t\t\t\t<h2 class=\"elementor-heading-title elementor-size-default\">Posiadamy certyfikat programu \u201eRzetelna Firma\u201d<\/h2>\t\t\t\t<\/div>\n\t\t\t\t<\/div>\n\t\t\t\t<\/div>\n\t\t<div class=\"elementor-element elementor-element-5a1c086 e-con-full e-flex e-con e-parent\" data-id=\"5a1c086\" data-element_type=\"container\" data-settings=\"{&quot;background_background&quot;:&quot;classic&quot;}\">\n\t\t<div class=\"elementor-element elementor-element-4dd9e9e e-con-full e-flex elementor-invisible e-con e-child\" data-id=\"4dd9e9e\" data-element_type=\"container\" data-settings=\"{&quot;background_background&quot;:&quot;classic&quot;,&quot;animation&quot;:&quot;fadeInUp&quot;}\">\n\t\t\t\t<div class=\"elementor-element elementor-element-66a9de5 elementor-invisible elementor-widget elementor-widget-text-editor\" data-id=\"66a9de5\" data-element_type=\"widget\" data-settings=\"{&quot;_animation&quot;:&quot;fadeInLeft&quot;}\" data-widget_type=\"text-editor.default\">\n\t\t\t\t<div class=\"elementor-widget-container\">\n\t\t\t\t\t\t\t\t\t<p>Gwarantujemy atrakcyjne warunki wsp\u00f3\u0142pracy, regularne i terminowe dostawy oraz zawsze \u015bwie\u017cy towar. Nasze ciasteczka trafiaj\u0105 do odbiorc\u00f3w z ca\u0142ej Polski, a tak\u017ce na rynki zagraniczne.<\/p>\t\t\t\t\t\t\t\t<\/div>\n\t\t\t\t<\/div>\n\t\t<div class=\"elementor-element elementor-element-491200c e-con-full e-flex e-con e-child\" data-id=\"491200c\" data-element_type=\"container\">\n\t\t\t\t<div class=\"elementor-element elementor-element-f8dc4da elementor-invisible elementor-widget elementor-widget-image\" data-id=\"f8dc4da\" data-element_type=\"widget\" data-settings=\"{&quot;_animation&quot;:&quot;fadeInRight&quot;}\" data-widget_type=\"image.default\">\n\t\t\t\t<div class=\"elementor-widget-container\">\n\t\t\t\t\t\t\t\t\t\t\t\t\t\t\t<img decoding=\"async\" width=\"250\" height=\"250\" src=\"https:\/\/primax.pl\/wp-content\/uploads\/2024\/11\/Najlepsza-jakosc.png\" class=\"attachment-medium size-medium wp-image-92\" alt=\"\" srcset=\"https:\/\/primax.pl\/wp-content\/uploads\/2024\/11\/Najlepsza-jakosc.png 250w, https:\/\/primax.pl\/wp-content\/uploads\/2024\/11\/Najlepsza-jakosc-150x150.png 150w\" sizes=\"(max-width: 250px) 100vw, 250px\" \/>\t\t\t\t\t\t\t\t\t\t\t\t\t\t\t<\/div>\n\t\t\t\t<\/div>\n\t\t\t\t<\/div>\n\t\t\t\t<\/div>\n\t\t\t\t<\/div>\n\t\t<div class=\"elementor-element elementor-element-89e5f73 e-con-full e-flex e-con e-parent\" data-id=\"89e5f73\" data-element_type=\"container\">\n\t\t\t\t<div class=\"elementor-element elementor-element-f6735e0 elementor-widget elementor-widget-spacer\" data-id=\"f6735e0\" data-element_type=\"widget\" data-widget_type=\"spacer.default\">\n\t\t\t\t<div class=\"elementor-widget-container\">\n\t\t\t\t\t\t\t<div class=\"elementor-spacer\">\n\t\t\t<div class=\"elementor-spacer-inner\"><\/div>\n\t\t<\/div>\n\t\t\t\t\t\t<\/div>\n\t\t\t\t<\/div>\n\t\t\t\t<div class=\"elementor-element elementor-element-2ef8e7e elementor-widget elementor-widget-heading\" data-id=\"2ef8e7e\" data-element_type=\"widget\" data-widget_type=\"heading.default\">\n\t\t\t\t<div class=\"elementor-widget-container\">\n\t\t\t\t\t<h2 class=\"elementor-heading-title elementor-size-default\">Terminowe dostawy<\/h2>\t\t\t\t<\/div>\n\t\t\t\t<\/div>\n\t\t\t\t<\/div>\n\t\t<div class=\"elementor-element elementor-element-a87709e e-con-full e-flex elementor-invisible e-con e-parent\" data-id=\"a87709e\" data-element_type=\"container\" data-settings=\"{&quot;background_background&quot;:&quot;classic&quot;,&quot;animation&quot;:&quot;fadeInUp&quot;}\">\n\t\t<div class=\"elementor-element elementor-element-3d72599 e-con-full e-flex e-con e-child\" data-id=\"3d72599\" data-element_type=\"container\">\n\t\t\t\t<div class=\"elementor-element elementor-element-5f37041 elementor-invisible elementor-widget elementor-widget-image\" data-id=\"5f37041\" data-element_type=\"widget\" data-settings=\"{&quot;_animation&quot;:&quot;fadeInLeft&quot;}\" data-widget_type=\"image.default\">\n\t\t\t\t<div class=\"elementor-widget-container\">\n\t\t\t\t\t\t\t\t\t\t\t\t\t\t\t<img loading=\"lazy\" decoding=\"async\" width=\"300\" height=\"150\" src=\"https:\/\/primax.pl\/wp-content\/uploads\/2024\/11\/obraz_2024-11-07_213023649-300x150.png\" class=\"attachment-medium size-medium wp-image-104\" alt=\"\" srcset=\"https:\/\/primax.pl\/wp-content\/uploads\/2024\/11\/obraz_2024-11-07_213023649-300x150.png 300w, https:\/\/primax.pl\/wp-content\/uploads\/2024\/11\/obraz_2024-11-07_213023649-1024x512.png 1024w, https:\/\/primax.pl\/wp-content\/uploads\/2024\/11\/obraz_2024-11-07_213023649-768x384.png 768w, https:\/\/primax.pl\/wp-content\/uploads\/2024\/11\/obraz_2024-11-07_213023649.png 1280w\" sizes=\"(max-width: 300px) 100vw, 300px\" \/>\t\t\t\t\t\t\t\t\t\t\t\t\t\t\t<\/div>\n\t\t\t\t<\/div>\n\t\t\t\t<\/div>\n\t\t<div class=\"elementor-element elementor-element-f0643ac e-con-full e-flex e-con e-child\" data-id=\"f0643ac\" data-element_type=\"container\">\n\t\t\t\t<div class=\"elementor-element elementor-element-52be613 elementor-invisible elementor-widget elementor-widget-text-editor\" data-id=\"52be613\" data-element_type=\"widget\" data-settings=\"{&quot;_animation&quot;:&quot;fadeInRight&quot;}\" data-widget_type=\"text-editor.default\">\n\t\t\t\t<div class=\"elementor-widget-container\">\n\t\t\t\t\t\t\t\t\t<p>Robimy wszystko, by nasze ciastka trafia\u0142y do Was jak najszybciej \u2013 prosto z pieca, jeszcze \u015bwie\u017ce i pe\u0142ne smaku. Punktualno\u015b\u0107 i jako\u015b\u0107 to nasze priorytety!<\/p>\t\t\t\t\t\t\t\t<\/div>\n\t\t\t\t<\/div>\n\t\t\t\t<\/div>\n\t\t\t\t<\/div>\n\t\t<div class=\"elementor-element elementor-element-6ae0dd6 e-flex e-con-boxed e-con e-parent\" data-id=\"6ae0dd6\" data-element_type=\"container\">\n\t\t\t\t\t<div class=\"e-con-inner\">\n\t\t\t\t<div class=\"elementor-element elementor-element-3ee072c elementor-widget elementor-widget-spacer\" data-id=\"3ee072c\" data-element_type=\"widget\" data-widget_type=\"spacer.default\">\n\t\t\t\t<div class=\"elementor-widget-container\">\n\t\t\t\t\t\t\t<div class=\"elementor-spacer\">\n\t\t\t<div class=\"elementor-spacer-inner\"><\/div>\n\t\t<\/div>\n\t\t\t\t\t\t<\/div>\n\t\t\t\t<\/div>\n\t\t\t\t<div class=\"elementor-element elementor-element-5e2886a elementor-widget elementor-widget-spacer\" data-id=\"5e2886a\" data-element_type=\"widget\" data-widget_type=\"spacer.default\">\n\t\t\t\t<div class=\"elementor-widget-container\">\n\t\t\t\t\t\t\t<div class=\"elementor-spacer\">\n\t\t\t<div class=\"elementor-spacer-inner\"><\/div>\n\t\t<\/div>\n\t\t\t\t\t\t<\/div>\n\t\t\t\t<\/div>\n\t\t\t\t\t<\/div>\n\t\t\t\t<\/div>\n\t\t\t\t<\/div>\n\t\t","protected":false},"excerpt":{"rendered":"<p>Primax &#8211; ciasteczka, kt\u00f3re polubisz Niepowtarzalny smak, najwy\u017csza jako\u015b\u0107 produkt\u00f3w historia i rozw\u00f3j \u00a0Zajmujemy si\u0119 produkcj\u0105 i bezpo\u015bredni\u0105 sprzeda\u017c\u0105 ciastek kruchych, rurek waflowych oraz piernik\u00f3w z nadzieniem. Tworzymy unikalne smaki dzi\u0119ki nowoczesnym technologiom, wykorzystaniu najwy\u017cszej jako\u015bci surowc\u00f3w oraz w\u0142asnym, udoskonalonym recepturom. Polewy u\u017cywane do naszych wyrob\u00f3w powstaj\u0105 w naszym zak\u0142adzie, co gwarantuje ich pe\u0142ny aromat [&hellip;]<\/p>\n","protected":false},"author":1,"featured_media":0,"parent":0,"menu_order":0,"comment_status":"closed","ping_status":"closed","template":"elementor_header_footer","meta":{"_acf_changed":false,"footnotes":""},"class_list":["post-13","page","type-page","status-publish","hentry","entry"],"acf":[],"_links":{"self":[{"href":"https:\/\/primax.pl\/index.php?rest_route=\/wp\/v2\/pages\/13"}],"collection":[{"href":"https:\/\/primax.pl\/index.php?rest_route=\/wp\/v2\/pages"}],"about":[{"href":"https:\/\/primax.pl\/index.php?rest_route=\/wp\/v2\/types\/page"}],"author":[{"embeddable":true,"href":"https:\/\/primax.pl\/index.php?rest_route=\/wp\/v2\/users\/1"}],"replies":[{"embeddable":true,"href":"https:\/\/primax.pl\/index.php?rest_route=%2Fwp%2Fv2%2Fcomments&post=13"}],"version-history":[{"count":122,"href":"https:\/\/primax.pl\/index.php?rest_route=\/wp\/v2\/pages\/13\/revisions"}],"predecessor-version":[{"id":300,"href":"https:\/\/primax.pl\/index.php?rest_route=\/wp\/v2\/pages\/13\/revisions\/300"}],"wp:attachment":[{"href":"https:\/\/primax.pl\/index.php?rest_route=%2Fwp%2Fv2%2Fmedia&parent=13"}],"curies":[{"name":"wp","href":"https:\/\/api.w.org\/{rel}","templated":true}]}}